{"id":37,"date":"2023-10-28T13:44:08","date_gmt":"2023-10-28T11:44:08","guid":{"rendered":"https:\/\/lexmiaabogados.com\/?page_id=37"},"modified":"2023-11-27T00:36:51","modified_gmt":"2023-11-26T23:36:51","slug":"legal-warning","status":"publish","type":"page","link":"https:\/\/lexmiaabogados.com\/en\/aviso-legal\/","title":{"rendered":"Legal warning"},"content":{"rendered":"<div class=\"wpb-content-wrapper\"><div class=\"vc_row wpb_row vc_row-fluid wpex-relative\"><div class=\"wpb_column vc_column_container vc_col-sm-12\"><div class=\"vc_column-inner\"><div class=\"wpb_wrapper\">\n\t<div class=\"wpb_text_column wpb_content_element\" >\n\t\t<div class=\"wpb_wrapper\">\n\t\t\t<h2>Website owner information<\/h2>\n<p>SOLERA Y BLONDIAU ABOGADOS, SLP with CIF B73811242 with address at AVDA. DE LA JUSTICIA, 8, EDF TORRESUR, 3\u00ba D, 30011, MURCIA. and communications email info@lexmiaabogados.com.<\/p>\n<h2>Intellectual and industrial property<\/h2>\n<p>The design of the portal and its source codes, as well as the logos, brands and other distinctive signs that appear therein belong to (SOLERA Y BLONDIAU ABOGADOS, SLP) and are protected by the corresponding intellectual and industrial property rights.<\/p>\n<h2>Content Responsibility<\/h2>\n<p>SOLERA Y BLONDIAU ABOGADOS, SLP is not responsible for the legality of other third-party websites from which the portal can be accessed. Nor is it responsible for the legality of other third-party websites that may be linked or linked from this portal.<\/p>\n<p>SOLERA Y BLONDIAU ABOGADOS, SLP will not be responsible for the use that third parties make of the information published on the portal, nor for any damages suffered or economic losses that, directly or indirectly, produce or may produce economic, material or data damage. , caused by the use of said information.<\/p>\n<h2>Playing content<\/h2>\n<p>By virtue of the provisions of the Intellectual Property Law, the reproduction, distribution and public communication of all or part of the contents of this website are expressly prohibited, for commercial purposes on any medium, and by any technical means, without the authorization of SOLERA Y BLONDIAU ABOGADOS, SLP.<\/p>\n<h2>Applicable law<\/h2>\n<p>SOLERA Y BLONDIAU ABOGADOS, SLP reserves the right to file civil or criminal actions that it deems necessary for improper use of the website and content, or for non-compliance with these conditions.<\/p>\n<p>The relationship between the user and SOLERA Y BLONDIAU ABOGADOS, SLP will be governed by the regulations in force and applicable in the national territory. If any controversy arises in relation to the interpretation and\/or application of these conditions, the parties will submit the conflicts to ordinary jurisdiction, submitting to the corresponding Judges and Courts in accordance with Law.<\/p>\n<p>Likewise, we inform you that it has a free extrajudicial dispute resolution procedure accessible to all citizens, it is the online dispute resolution platform of the European Union, accessible through the following link https:\/\/ec. europa.eu\/consumers\/odr\/main\/?event=main.home2.show<\/p>\n<h2>cookies<\/h2>\n<p>In the case of using \u201ccookie\u201d technology on the website, there is a specific section that informs you about its existence as well as its use policy. See the \u201ccookie policy\u201d section.<\/p>\n<p>Otherwise, navigation cookies are not used.<\/p>\n<h2>Personal data of minors<\/h2>\n<p>This website is not directed at underage users. If you are a minor, please do not attempt to register as a user. If we discover that we have mistakenly obtained personal information from a minor, we will delete that information as soon as possible.<\/p>\n<h2>Exercise of data protection rights<\/h2>\n<p>To exercise your rights you must identify yourself by presenting your ID. For any claim you can contact the same email address indicated. You can also contact the Spanish Data Protection Agency: www.aepd.es<\/p>\n\n\t\t<\/div>\n\t<\/div>\n<\/div><\/div><\/div><\/div>\n<\/div>","protected":false},"excerpt":{"rendered":"Informaci\u00f3n del titular de la web SOLERA Y BLONDIAU ABOGADOS, S.L.P. con CIF B73811242 con domicilio en AVDA. DE LA JUSTICIA, 8, EDF TORRESUR, 3\u00ba D, 30011, MURCIA. y mail de comunicaciones info@lexmiaabogados.com. Propiedad intelectual e industrial El dise\u00f1o del portal y sus c\u00f3digos fuente, as\u00ed como los logos, marcas y dem\u00e1s signos distintivos que&hellip;","protected":false},"author":1,"featured_media":0,"parent":0,"menu_order":0,"comment_status":"closed","ping_status":"closed","template":"","meta":{"footnotes":""},"class_list":["post-37","page","type-page","status-publish","hentry","entry","no-media"],"yoast_head":"<!-- This site is optimized with the Yoast SEO plugin v27.3 - https:\/\/yoast.com\/product\/yoast-seo-wordpress\/ -->\n<title>Aviso legal - Lexmia Abogados<\/title>\n<meta name=\"robots\" content=\"index, follow, max-snippet:-1, max-image-preview:large, max-video-preview:-1\" \/>\n<link rel=\"canonical\" href=\"https:\/\/lexmiaabogados.com\/en\/legal-warning\/\" \/>\n<meta property=\"og:locale\" content=\"en_US\" \/>\n<meta property=\"og:type\" content=\"article\" \/>\n<meta property=\"og:title\" content=\"Aviso legal - Lexmia Abogados\" \/>\n<meta property=\"og:url\" content=\"https:\/\/lexmiaabogados.com\/en\/legal-warning\/\" \/>\n<meta property=\"og:site_name\" content=\"Lexmia Abogados\" \/>\n<meta property=\"article:publisher\" content=\"https:\/\/www.facebook.com\/LexmiaAbogados\/\" \/>\n<meta property=\"article:modified_time\" content=\"2023-11-26T23:36:51+00:00\" \/>\n<meta property=\"og:image\" content=\"https:\/\/lexmiaabogados.com\/wp-content\/uploads\/2023\/11\/logo.jpg\" \/>\n\t<meta property=\"og:image:width\" content=\"200\" \/>\n\t<meta property=\"og:image:height\" content=\"81\" \/>\n\t<meta property=\"og:image:type\" content=\"image\/jpeg\" \/>\n<meta name=\"twitter:card\" content=\"summary_large_image\" \/>\n<meta name=\"twitter:site\" content=\"@lexmia_abogados\" \/>\n<script type=\"application\/ld+json\" class=\"yoast-schema-graph\">{\"@context\":\"https:\\\/\\\/schema.org\",\"@graph\":[{\"@type\":\"WebPage\",\"@id\":\"https:\\\/\\\/lexmiaabogados.com\\\/en\\\/aviso-legal\\\/\",\"url\":\"https:\\\/\\\/lexmiaabogados.com\\\/en\\\/aviso-legal\\\/\",\"name\":\"Aviso legal - Lexmia Abogados\",\"isPartOf\":{\"@id\":\"https:\\\/\\\/lexmiaabogados.com\\\/#website\"},\"datePublished\":\"2023-10-28T11:44:08+00:00\",\"dateModified\":\"2023-11-26T23:36:51+00:00\",\"breadcrumb\":{\"@id\":\"https:\\\/\\\/lexmiaabogados.com\\\/en\\\/aviso-legal\\\/#breadcrumb\"},\"inLanguage\":\"en-US\",\"potentialAction\":[{\"@type\":\"ReadAction\",\"target\":[\"https:\\\/\\\/lexmiaabogados.com\\\/en\\\/aviso-legal\\\/\"]}]},{\"@type\":\"BreadcrumbList\",\"@id\":\"https:\\\/\\\/lexmiaabogados.com\\\/en\\\/aviso-legal\\\/#breadcrumb\",\"itemListElement\":[{\"@type\":\"ListItem\",\"position\":1,\"name\":\"Inicio\",\"item\":\"https:\\\/\\\/lexmiaabogados.com\\\/\"},{\"@type\":\"ListItem\",\"position\":2,\"name\":\"Aviso legal\"}]},{\"@type\":\"WebSite\",\"@id\":\"https:\\\/\\\/lexmiaabogados.com\\\/#website\",\"url\":\"https:\\\/\\\/lexmiaabogados.com\\\/\",\"name\":\"Lexmia Abogados\",\"description\":\"\",\"potentialAction\":[{\"@type\":\"SearchAction\",\"target\":{\"@type\":\"EntryPoint\",\"urlTemplate\":\"https:\\\/\\\/lexmiaabogados.com\\\/?s={search_term_string}\"},\"query-input\":{\"@type\":\"PropertyValueSpecification\",\"valueRequired\":true,\"valueName\":\"search_term_string\"}}],\"inLanguage\":\"en-US\"}]}<\/script>\n<!-- \/ Yoast SEO plugin. -->","yoast_head_json":{"title":"Legal notice - Lexmia Abogados","robots":{"index":"index","follow":"follow","max-snippet":"max-snippet:-1","max-image-preview":"max-image-preview:large","max-video-preview":"max-video-preview:-1"},"canonical":"https:\/\/lexmiaabogados.com\/en\/legal-warning\/","og_locale":"en_US","og_type":"article","og_title":"Aviso legal - Lexmia Abogados","og_url":"https:\/\/lexmiaabogados.com\/en\/legal-warning\/","og_site_name":"Lexmia Abogados","article_publisher":"https:\/\/www.facebook.com\/LexmiaAbogados\/","article_modified_time":"2023-11-26T23:36:51+00:00","og_image":[{"width":200,"height":81,"url":"https:\/\/lexmiaabogados.com\/wp-content\/uploads\/2023\/11\/logo.jpg","type":"image\/jpeg"}],"twitter_card":"summary_large_image","twitter_site":"@lexmia_abogados","schema":{"@context":"https:\/\/schema.org","@graph":[{"@type":"WebPage","@id":"https:\/\/lexmiaabogados.com\/en\/aviso-legal\/","url":"https:\/\/lexmiaabogados.com\/en\/aviso-legal\/","name":"Legal notice - Lexmia Abogados","isPartOf":{"@id":"https:\/\/lexmiaabogados.com\/#website"},"datePublished":"2023-10-28T11:44:08+00:00","dateModified":"2023-11-26T23:36:51+00:00","breadcrumb":{"@id":"https:\/\/lexmiaabogados.com\/en\/aviso-legal\/#breadcrumb"},"inLanguage":"en-US","potentialAction":[{"@type":"ReadAction","target":["https:\/\/lexmiaabogados.com\/en\/aviso-legal\/"]}]},{"@type":"BreadcrumbList","@id":"https:\/\/lexmiaabogados.com\/en\/aviso-legal\/#breadcrumb","itemListElement":[{"@type":"ListItem","position":1,"name":"Inicio","item":"https:\/\/lexmiaabogados.com\/"},{"@type":"ListItem","position":2,"name":"Aviso legal"}]},{"@type":"WebSite","@id":"https:\/\/lexmiaabogados.com\/#website","url":"https:\/\/lexmiaabogados.com\/","name":"Lexmia Abogados","description":"","potentialAction":[{"@type":"SearchAction","target":{"@type":"EntryPoint","urlTemplate":"https:\/\/lexmiaabogados.com\/?s={search_term_string}"},"query-input":{"@type":"PropertyValueSpecification","valueRequired":true,"valueName":"search_term_string"}}],"inLanguage":"en-US"}]}},"_links":{"self":[{"href":"https:\/\/lexmiaabogados.com\/en\/wp-json\/wp\/v2\/pages\/37","targetHints":{"allow":["GET"]}}],"collection":[{"href":"https:\/\/lexmiaabogados.com\/en\/wp-json\/wp\/v2\/pages"}],"about":[{"href":"https:\/\/lexmiaabogados.com\/en\/wp-json\/wp\/v2\/types\/page"}],"author":[{"embeddable":true,"href":"https:\/\/lexmiaabogados.com\/en\/wp-json\/wp\/v2\/users\/1"}],"replies":[{"embeddable":true,"href":"https:\/\/lexmiaabogados.com\/en\/wp-json\/wp\/v2\/comments?post=37"}],"version-history":[{"count":3,"href":"https:\/\/lexmiaabogados.com\/en\/wp-json\/wp\/v2\/pages\/37\/revisions"}],"predecessor-version":[{"id":88,"href":"https:\/\/lexmiaabogados.com\/en\/wp-json\/wp\/v2\/pages\/37\/revisions\/88"}],"wp:attachment":[{"href":"https:\/\/lexmiaabogados.com\/en\/wp-json\/wp\/v2\/media?parent=37"}],"curies":[{"name":"wp","href":"https:\/\/api.w.org\/{rel}","templated":true}]}}