{"id":410,"date":"2024-04-11T10:00:38","date_gmt":"2024-04-11T08:00:38","guid":{"rendered":"https:\/\/lexmiaabogados.com\/?page_id=410"},"modified":"2024-04-11T10:00:38","modified_gmt":"2024-04-11T08:00:38","slug":"accessibility","status":"publish","type":"page","link":"https:\/\/lexmiaabogados.com\/en\/accesibilidad\/","title":{"rendered":"Accessibility"},"content":{"rendered":"<div class=\"wpb-content-wrapper\"><div class=\"vc_row wpb_row vc_row-fluid vc_custom_1712822437309 wpex-relative\"><div class=\"wpb_column vc_column_container vc_col-sm-12\"><div class=\"vc_column-inner\"><div class=\"wpb_wrapper\">\n\t<div class=\"wpb_text_column wpb_content_element\" >\n\t\t<div class=\"wpb_wrapper\">\n\t\t\t<header class=\"page-header default-page-header wpex-relative wpex-mb-40 wpex-surface-2 wpex-py-20 wpex-border-t wpex-border-b wpex-border-solid wpex-border-surface-3 wpex-text-2 wpex-supports-mods\">\n<div class=\"page-header-inner container\">\n<div class=\"page-header-content\">\n<h1 class=\"page-header-title wpex-block wpex-m-0 wpex-text-2xl\">Accesibilidad<\/h1>\n<\/div>\n<\/div>\n<\/header>\n<div id=\"content-wrap\" class=\"container wpex-clr\">\n<div id=\"primary\" class=\"content-area wpex-clr\">\n<div id=\"content\" class=\"site-content wpex-clr\">\n<article id=\"single-blocks\" class=\"single-page-article wpex-clr\">\n<div class=\"single-page-content single-content entry wpex-clr\">\n<div class=\"wpb-content-wrapper\">\n<div class=\"vc_row wpb_row vc_row-fluid\">\n<div class=\"wpb_column vc_column_container vc_col-sm-12\">\n<div class=\"vc_column-inner\">\n<div class=\"wpb_wrapper\">\n<div class=\"wpb_text_column wpb_content_element \">\n<div class=\"wpb_wrapper\">\n<p>Nos hemos comprometido a proporcionar en nuestro sitio web una experiencia totalmente accesible para todos los usuarios, incluidos aquellos que dependen de tecnolog\u00edas de asistencia como lectores de pantalla, software de ampliaci\u00f3n de pantalla y dispositivos de entrada de teclado alternativos para navegar por la web, de conformidad con el\u00a0<a class=\"ext\" role=\"link\" href=\"https:\/\/www.boe.es\/diario_boe\/txt.php?id=BOE-A-2018-12699\" target=\"_blank\" rel=\"noopener noreferrer\" data-extlink=\"\">Real Decreto 1112\/2018, de 7 de septiembre, sobre accesibilidad de los sitios web y aplicaciones para dispositivos m\u00f3viles del sector p\u00fablico.<\/a><\/p>\n<p>La presente declaraci\u00f3n de accesibilidad se aplica al sitio web: grupochequealo.com<\/p>\n<h2 class=\"h2_title_underlined\">Situaci\u00f3n de cumplimiento<\/h2>\n<p>Este sitio web es parcialmente conforme con el RD 1112\/2018 debido a las excepciones y a la falta de conformidad de los aspectos que se indican en el siguiente punto.<\/p>\n<h2 class=\"h2_title_underlined\">Contenido no accesible<\/h2>\n<p>El contenido que se recoge a continuaci\u00f3n no es accesible por lo siguiente:<\/p>\n<h3>Falta de conformidad con el RD 1112\/2018<\/h3>\n<p>Podr\u00edan existir documentos ofim\u00e1ticos en PDF y otros formatos publicados posteriormente al 20 de septiembre de 2018 que no cumplan en su totalidad los requisitos de accesibilidad. Se pueden solicitar los documentos completamente accesibles desde el formulario de contacto para formalizar quejas y consultas.<\/p>\n<p>Podr\u00edan existir errores de c\u00f3digo puntuales de edici\u00f3n en alguna p\u00e1gina web. [4.1.1 Procesamiento]<\/p>\n<h3>El contenido no entra dentro del \u00e1mbito de la legislaci\u00f3n aplicable<\/h3>\n<p>Podr\u00edan existir archivos ofim\u00e1ticos en PDF u otros formatos publicados antes del 20 de septiembre de 2018 que no cumplan en su totalidad todos los requisitos de accesibilidad. Aunque se ha procurado que la mayor\u00eda de ellos s\u00ed lo cumplan.<\/p>\n<h2 class=\"h2_title_underlined\">Contenido opcional<\/h2>\n<p>Este sitio web est\u00e1 dise\u00f1ado para poder cambiar el tama\u00f1o del texto y el color, as\u00ed como el fondo de la p\u00e1gina mediante las opciones de configuraci\u00f3n est\u00e1ndar de los navegadores.<\/p>\n<p>Si desea cambiar el tama\u00f1o de letra del texto en los principales navegadores gr\u00e1ficos utilice los siguientes men\u00fas:<\/p>\n<ul>\n<li>Internet Explorer, Mozilla y Firefox: Ver &gt; Tama\u00f1o del texto<\/li>\n<li>Opera: Ver &gt; Zoom<\/li>\n<li>Safari: Ver &gt; Hacer el texto m\u00e1s grande<\/li>\n<li>Chrome: Controla la p\u00e1gina actual &gt; Tama\u00f1o del texto<\/li>\n<li>Para modificar el tama\u00f1o de todo en la p\u00e1gina:\n<ul>\n<li>Ctrl + + para aumentarlo<\/li>\n<li>Ctrl + \u2013 para disminuirlo<\/li>\n<li>Ctrl + 0 restaura el tama\u00f1o original del texto<\/li>\n<li>Si lo que quiere es anular la hoja de estilos o modificar el color del texto, puede consultar la p\u00e1gina\u00a0<span lang=\"en\">How to Change Text Size or Colors de la WAI<\/span>, que se puede leer traducida al espa\u00f1ol en \u00bfC\u00f3mo cambiar el tama\u00f1o del texto o colores?<\/li>\n<\/ul>\n<\/li>\n<\/ul>\n<h2>D\u00f3nde estamos mejorando<\/h2>\n<p>Esto es parte de nuestro esfuerzo m\u00e1s amplio para hacer que la experiencia de todos en Grupo Chequealo sea acogedora y agradable. Tenga en cuenta que si bien hacemos todo lo posible para proporcionar informaci\u00f3n accesible para todos los usuarios, no podemos garantizar la accesibilidad de los sitios web de terceros a los que podemos vincularnos.<\/p>\n<h2>Contacto de soporte de accesibilidad<\/h2>\n<p>Damos la bienvenida a comentarios, preguntas y comentarios sobre nuestro sitio web. Si est\u00e1 utilizando tecnolog\u00edas de asistencia y tiene dificultades para usar nuestro sitio web, env\u00ede un correo electr\u00f3nico a hola@grupochequealo.com. Haremos todo lo posible para ayudar y resolver los problemas.<\/p>\n<\/div>\n<\/div>\n<\/div>\n<\/div>\n<\/div>\n<\/div>\n<\/div>\n<\/div>\n<\/article>\n<\/div>\n<\/div>\n<\/div>\n\n\t\t<\/div>\n\t<\/div>\n<\/div><\/div><\/div><\/div>\n<\/div>","protected":false},"excerpt":{"rendered":"Accessibility We are committed to providing a fully accessible experience on our website for all users, including those who rely on assistive technologies such as screen readers, screen magnification software, and alternative keyboard input devices to navigate the web, in accordance with Royal Decree 1112\/2018, of 7\u2026","protected":false},"author":1,"featured_media":0,"parent":0,"menu_order":0,"comment_status":"closed","ping_status":"closed","template":"","meta":{"footnotes":""},"class_list":["post-410","page","type-page","status-publish","hentry","entry","no-media"],"yoast_head":"<!-- This site is optimized with the Yoast SEO plugin v27.3 - https:\/\/yoast.com\/product\/yoast-seo-wordpress\/ -->\n<title>Accesibilidad - Lexmia Abogados<\/title>\n<meta name=\"robots\" content=\"index, follow, max-snippet:-1, max-image-preview:large, max-video-preview:-1\" \/>\n<link rel=\"canonical\" href=\"https:\/\/lexmiaabogados.com\/en\/accessibility\/\" \/>\n<meta property=\"og:locale\" content=\"en_US\" \/>\n<meta property=\"og:type\" content=\"article\" \/>\n<meta property=\"og:title\" content=\"Accesibilidad - Lexmia Abogados\" \/>\n<meta property=\"og:url\" content=\"https:\/\/lexmiaabogados.com\/en\/accessibility\/\" \/>\n<meta property=\"og:site_name\" content=\"Lexmia Abogados\" \/>\n<meta property=\"article:publisher\" content=\"https:\/\/www.facebook.com\/LexmiaAbogados\/\" \/>\n<meta property=\"og:image\" content=\"https:\/\/lexmiaabogados.com\/wp-content\/uploads\/2023\/11\/logo.jpg\" \/>\n\t<meta property=\"og:image:width\" content=\"200\" \/>\n\t<meta property=\"og:image:height\" content=\"81\" \/>\n\t<meta property=\"og:image:type\" content=\"image\/jpeg\" \/>\n<meta name=\"twitter:card\" content=\"summary_large_image\" \/>\n<meta name=\"twitter:site\" content=\"@lexmia_abogados\" \/>\n<script type=\"application\/ld+json\" class=\"yoast-schema-graph\">{\"@context\":\"https:\\\/\\\/schema.org\",\"@graph\":[{\"@type\":\"WebPage\",\"@id\":\"https:\\\/\\\/lexmiaabogados.com\\\/en\\\/accesibilidad\\\/\",\"url\":\"https:\\\/\\\/lexmiaabogados.com\\\/en\\\/accesibilidad\\\/\",\"name\":\"Accesibilidad - Lexmia Abogados\",\"isPartOf\":{\"@id\":\"https:\\\/\\\/lexmiaabogados.com\\\/#website\"},\"datePublished\":\"2024-04-11T08:00:38+00:00\",\"breadcrumb\":{\"@id\":\"https:\\\/\\\/lexmiaabogados.com\\\/en\\\/accesibilidad\\\/#breadcrumb\"},\"inLanguage\":\"en-US\",\"potentialAction\":[{\"@type\":\"ReadAction\",\"target\":[\"https:\\\/\\\/lexmiaabogados.com\\\/en\\\/accesibilidad\\\/\"]}]},{\"@type\":\"BreadcrumbList\",\"@id\":\"https:\\\/\\\/lexmiaabogados.com\\\/en\\\/accesibilidad\\\/#breadcrumb\",\"itemListElement\":[{\"@type\":\"ListItem\",\"position\":1,\"name\":\"Inicio\",\"item\":\"https:\\\/\\\/lexmiaabogados.com\\\/\"},{\"@type\":\"ListItem\",\"position\":2,\"name\":\"Accesibilidad\"}]},{\"@type\":\"WebSite\",\"@id\":\"https:\\\/\\\/lexmiaabogados.com\\\/#website\",\"url\":\"https:\\\/\\\/lexmiaabogados.com\\\/\",\"name\":\"Lexmia Abogados\",\"description\":\"\",\"potentialAction\":[{\"@type\":\"SearchAction\",\"target\":{\"@type\":\"EntryPoint\",\"urlTemplate\":\"https:\\\/\\\/lexmiaabogados.com\\\/?s={search_term_string}\"},\"query-input\":{\"@type\":\"PropertyValueSpecification\",\"valueRequired\":true,\"valueName\":\"search_term_string\"}}],\"inLanguage\":\"en-US\"}]}<\/script>\n<!-- \/ Yoast SEO plugin. -->","yoast_head_json":{"title":"Accessibility - Lexmia Abogados","robots":{"index":"index","follow":"follow","max-snippet":"max-snippet:-1","max-image-preview":"max-image-preview:large","max-video-preview":"max-video-preview:-1"},"canonical":"https:\/\/lexmiaabogados.com\/en\/accessibility\/","og_locale":"en_US","og_type":"article","og_title":"Accesibilidad - Lexmia Abogados","og_url":"https:\/\/lexmiaabogados.com\/en\/accessibility\/","og_site_name":"Lexmia Abogados","article_publisher":"https:\/\/www.facebook.com\/LexmiaAbogados\/","og_image":[{"width":200,"height":81,"url":"https:\/\/lexmiaabogados.com\/wp-content\/uploads\/2023\/11\/logo.jpg","type":"image\/jpeg"}],"twitter_card":"summary_large_image","twitter_site":"@lexmia_abogados","schema":{"@context":"https:\/\/schema.org","@graph":[{"@type":"WebPage","@id":"https:\/\/lexmiaabogados.com\/en\/accesibilidad\/","url":"https:\/\/lexmiaabogados.com\/en\/accesibilidad\/","name":"Accessibility - Lexmia Abogados","isPartOf":{"@id":"https:\/\/lexmiaabogados.com\/#website"},"datePublished":"2024-04-11T08:00:38+00:00","breadcrumb":{"@id":"https:\/\/lexmiaabogados.com\/en\/accesibilidad\/#breadcrumb"},"inLanguage":"en-US","potentialAction":[{"@type":"ReadAction","target":["https:\/\/lexmiaabogados.com\/en\/accesibilidad\/"]}]},{"@type":"BreadcrumbList","@id":"https:\/\/lexmiaabogados.com\/en\/accesibilidad\/#breadcrumb","itemListElement":[{"@type":"ListItem","position":1,"name":"Inicio","item":"https:\/\/lexmiaabogados.com\/"},{"@type":"ListItem","position":2,"name":"Accesibilidad"}]},{"@type":"WebSite","@id":"https:\/\/lexmiaabogados.com\/#website","url":"https:\/\/lexmiaabogados.com\/","name":"Lexmia Abogados","description":"","potentialAction":[{"@type":"SearchAction","target":{"@type":"EntryPoint","urlTemplate":"https:\/\/lexmiaabogados.com\/?s={search_term_string}"},"query-input":{"@type":"PropertyValueSpecification","valueRequired":true,"valueName":"search_term_string"}}],"inLanguage":"en-US"}]}},"_links":{"self":[{"href":"https:\/\/lexmiaabogados.com\/en\/wp-json\/wp\/v2\/pages\/410","targetHints":{"allow":["GET"]}}],"collection":[{"href":"https:\/\/lexmiaabogados.com\/en\/wp-json\/wp\/v2\/pages"}],"about":[{"href":"https:\/\/lexmiaabogados.com\/en\/wp-json\/wp\/v2\/types\/page"}],"author":[{"embeddable":true,"href":"https:\/\/lexmiaabogados.com\/en\/wp-json\/wp\/v2\/users\/1"}],"replies":[{"embeddable":true,"href":"https:\/\/lexmiaabogados.com\/en\/wp-json\/wp\/v2\/comments?post=410"}],"version-history":[{"count":1,"href":"https:\/\/lexmiaabogados.com\/en\/wp-json\/wp\/v2\/pages\/410\/revisions"}],"predecessor-version":[{"id":411,"href":"https:\/\/lexmiaabogados.com\/en\/wp-json\/wp\/v2\/pages\/410\/revisions\/411"}],"wp:attachment":[{"href":"https:\/\/lexmiaabogados.com\/en\/wp-json\/wp\/v2\/media?parent=410"}],"curies":[{"name":"wp","href":"https:\/\/api.w.org\/{rel}","templated":true}]}}